{"id":39,"date":"2020-08-05T13:55:14","date_gmt":"2020-08-05T13:55:14","guid":{"rendered":"https:\/\/boletineselectricidad.com\/?page_id=39"},"modified":"2023-10-04T07:51:41","modified_gmt":"2023-10-04T07:51:41","slug":"solicita-un-boletin","status":"publish","type":"page","link":"https:\/\/boletineselectricidad.com\/?page_id=39","title":{"rendered":"Solicita un Bolet\u00edn"},"content":{"rendered":"\t\t<div data-elementor-type=\"wp-page\" data-elementor-id=\"39\" class=\"elementor elementor-39\">\n\t\t\t\t\t\t<section class=\"elementor-section elementor-top-section elementor-element elementor-element-22fa59d elementor-section-boxed elementor-section-height-default elementor-section-height-default\" data-id=\"22fa59d\" data-element_type=\"section\" data-e-type=\"section\">\n\t\t\t\t\t\t<div class=\"elementor-container elementor-column-gap-default\">\n\t\t\t\t\t<div class=\"elementor-column elementor-col-100 elementor-top-column elementor-element elementor-element-6fc6575\" data-id=\"6fc6575\" data-element_type=\"column\" data-e-type=\"column\">\n\t\t\t<div class=\"elementor-widget-wrap elementor-element-populated\">\n\t\t\t\t\t\t<div class=\"elementor-element elementor-element-1bd34f5 elementor-widget elementor-widget-spacer\" data-id=\"1bd34f5\" data-element_type=\"widget\" data-e-type=\"widget\" data-widget_type=\"spacer.default\">\n\t\t\t\t<div class=\"elementor-widget-container\">\n\t\t\t\t\t\t\t<div class=\"elementor-spacer\">\n\t\t\t<div class=\"elementor-spacer-inner\"><\/div>\n\t\t<\/div>\n\t\t\t\t\t\t<\/div>\n\t\t\t\t<\/div>\n\t\t\t\t<div class=\"elementor-element elementor-element-58193c2 elementor-widget elementor-widget-heading\" data-id=\"58193c2\" data-element_type=\"widget\" data-e-type=\"widget\" data-settings=\"{&quot;_animation&quot;:&quot;none&quot;}\" data-widget_type=\"heading.default\">\n\t\t\t\t<div class=\"elementor-widget-container\">\n\t\t\t\t\t<h2 class=\"elementor-heading-title elementor-size-default\">Bolet\u00edn Azul (BRIE)<\/h2>\t\t\t\t<\/div>\n\t\t\t\t<\/div>\n\t\t\t\t\t<\/div>\n\t\t<\/div>\n\t\t\t\t\t<\/div>\n\t\t<\/section>\n\t\t\t\t<section class=\"elementor-section elementor-top-section elementor-element elementor-element-30c58e7 elementor-section-boxed elementor-section-height-default elementor-section-height-default\" data-id=\"30c58e7\" data-element_type=\"section\" data-e-type=\"section\">\n\t\t\t\t\t\t<div class=\"elementor-container elementor-column-gap-default\">\n\t\t\t\t\t<div class=\"elementor-column elementor-col-100 elementor-top-column elementor-element elementor-element-7a64d12\" data-id=\"7a64d12\" data-element_type=\"column\" data-e-type=\"column\">\n\t\t\t<div class=\"elementor-widget-wrap elementor-element-populated\">\n\t\t\t\t\t\t<div class=\"elementor-element elementor-element-54478e3 elementor-align-center elementor-widget elementor-widget-button\" data-id=\"54478e3\" data-element_type=\"widget\" data-e-type=\"widget\" data-widget_type=\"button.default\">\n\t\t\t\t<div class=\"elementor-widget-container\">\n\t\t\t\t\t\t\t\t\t<div class=\"elementor-button-wrapper\">\n\t\t\t\t\t<a class=\"elementor-button elementor-button-link elementor-size-md\" href=\"http:\/\/boletinazulbarcelona.com\" target=\"_blank\">\n\t\t\t\t\t\t<span class=\"elementor-button-content-wrapper\">\n\t\t\t\t\t\t\t\t\t<span class=\"elementor-button-text\">Pedir ahora<\/span>\n\t\t\t\t\t<\/span>\n\t\t\t\t\t<\/a>\n\t\t\t\t<\/div>\n\t\t\t\t\t\t\t\t<\/div>\n\t\t\t\t<\/div>\n\t\t\t\t\t<\/div>\n\t\t<\/div>\n\t\t\t\t\t<\/div>\n\t\t<\/section>\n\t\t\t\t<section class=\"elementor-section elementor-top-section elementor-element elementor-element-91fa6f7 elementor-section-boxed elementor-section-height-default elementor-section-height-default\" data-id=\"91fa6f7\" data-element_type=\"section\" data-e-type=\"section\">\n\t\t\t\t\t\t<div class=\"elementor-container elementor-column-gap-default\">\n\t\t\t\t\t<div class=\"elementor-column elementor-col-100 elementor-top-column elementor-element elementor-element-50b4f32\" data-id=\"50b4f32\" data-element_type=\"column\" data-e-type=\"column\">\n\t\t\t<div class=\"elementor-widget-wrap elementor-element-populated\">\n\t\t\t\t\t\t<div class=\"elementor-element elementor-element-e18624e elementor-widget elementor-widget-spacer\" data-id=\"e18624e\" data-element_type=\"widget\" data-e-type=\"widget\" data-widget_type=\"spacer.default\">\n\t\t\t\t<div class=\"elementor-widget-container\">\n\t\t\t\t\t\t\t<div class=\"elementor-spacer\">\n\t\t\t<div class=\"elementor-spacer-inner\"><\/div>\n\t\t<\/div>\n\t\t\t\t\t\t<\/div>\n\t\t\t\t<\/div>\n\t\t\t\t<div class=\"elementor-element elementor-element-a2e90cc elementor-widget elementor-widget-heading\" data-id=\"a2e90cc\" data-element_type=\"widget\" data-e-type=\"widget\" data-widget_type=\"heading.default\">\n\t\t\t\t<div class=\"elementor-widget-container\">\n\t\t\t\t\t<h2 class=\"elementor-heading-title elementor-size-default\">Bolet\u00edn Blanco (CIE)<\/h2>\t\t\t\t<\/div>\n\t\t\t\t<\/div>\n\t\t\t\t\t<\/div>\n\t\t<\/div>\n\t\t\t\t\t<\/div>\n\t\t<\/section>\n\t\t\t\t<section class=\"elementor-section elementor-top-section elementor-element elementor-element-768a9d0 elementor-section-boxed elementor-section-height-default elementor-section-height-default\" data-id=\"768a9d0\" data-element_type=\"section\" data-e-type=\"section\">\n\t\t\t\t\t\t<div class=\"elementor-container elementor-column-gap-default\">\n\t\t\t\t\t<div class=\"elementor-column elementor-col-100 elementor-top-column elementor-element elementor-element-43ed7b2\" data-id=\"43ed7b2\" data-element_type=\"column\" data-e-type=\"column\">\n\t\t\t<div class=\"elementor-widget-wrap elementor-element-populated\">\n\t\t\t\t\t\t<div class=\"elementor-element elementor-element-eb3d929 elementor-align-center elementor-widget elementor-widget-button\" data-id=\"eb3d929\" data-element_type=\"widget\" data-e-type=\"widget\" data-widget_type=\"button.default\">\n\t\t\t\t<div class=\"elementor-widget-container\">\n\t\t\t\t\t\t\t\t\t<div class=\"elementor-button-wrapper\">\n\t\t\t\t\t<a class=\"elementor-button elementor-button-link elementor-size-md\" href=\"https:\/\/boletinblancobarcelona.com\/\" target=\"_blank\">\n\t\t\t\t\t\t<span class=\"elementor-button-content-wrapper\">\n\t\t\t\t\t\t\t\t\t<span class=\"elementor-button-text\">Pedir ahora<\/span>\n\t\t\t\t\t<\/span>\n\t\t\t\t\t<\/a>\n\t\t\t\t<\/div>\n\t\t\t\t\t\t\t\t<\/div>\n\t\t\t\t<\/div>\n\t\t\t\t\t<\/div>\n\t\t<\/div>\n\t\t\t\t\t<\/div>\n\t\t<\/section>\n\t\t\t\t<section class=\"elementor-section elementor-top-section elementor-element elementor-element-30a92c7 elementor-section-boxed elementor-section-height-default elementor-section-height-default\" data-id=\"30a92c7\" data-element_type=\"section\" data-e-type=\"section\">\n\t\t\t\t\t\t<div class=\"elementor-container elementor-column-gap-default\">\n\t\t\t\t\t<div class=\"elementor-column elementor-col-100 elementor-top-column elementor-element elementor-element-08b67da\" data-id=\"08b67da\" data-element_type=\"column\" data-e-type=\"column\">\n\t\t\t<div class=\"elementor-widget-wrap elementor-element-populated\">\n\t\t\t\t\t\t<div class=\"elementor-element elementor-element-fb1acf6 elementor-widget elementor-widget-spacer\" data-id=\"fb1acf6\" data-element_type=\"widget\" data-e-type=\"widget\" data-widget_type=\"spacer.default\">\n\t\t\t\t<div class=\"elementor-widget-container\">\n\t\t\t\t\t\t\t<div class=\"elementor-spacer\">\n\t\t\t<div class=\"elementor-spacer-inner\"><\/div>\n\t\t<\/div>\n\t\t\t\t\t\t<\/div>\n\t\t\t\t<\/div>\n\t\t\t\t<div class=\"elementor-element elementor-element-b6d6323 elementor-widget elementor-widget-heading\" data-id=\"b6d6323\" data-element_type=\"widget\" data-e-type=\"widget\" data-widget_type=\"heading.default\">\n\t\t\t\t<div class=\"elementor-widget-container\">\n\t\t\t\t\t<h2 class=\"elementor-heading-title elementor-size-default\">Bolet\u00edn Gas<\/h2>\t\t\t\t<\/div>\n\t\t\t\t<\/div>\n\t\t\t\t\t<\/div>\n\t\t<\/div>\n\t\t\t\t\t<\/div>\n\t\t<\/section>\n\t\t\t\t<section class=\"elementor-section elementor-top-section elementor-element elementor-element-1cca421 elementor-section-boxed elementor-section-height-default elementor-section-height-default\" data-id=\"1cca421\" data-element_type=\"section\" data-e-type=\"section\">\n\t\t\t\t\t\t<div class=\"elementor-container elementor-column-gap-default\">\n\t\t\t\t\t<div class=\"elementor-column elementor-col-100 elementor-top-column elementor-element elementor-element-d60e017\" data-id=\"d60e017\" data-element_type=\"column\" data-e-type=\"column\">\n\t\t\t<div class=\"elementor-widget-wrap elementor-element-populated\">\n\t\t\t\t\t\t<div class=\"elementor-element elementor-element-f2ae523 elementor-align-center elementor-widget elementor-widget-button\" data-id=\"f2ae523\" data-element_type=\"widget\" data-e-type=\"widget\" data-widget_type=\"button.default\">\n\t\t\t\t<div class=\"elementor-widget-container\">\n\t\t\t\t\t\t\t\t\t<div class=\"elementor-button-wrapper\">\n\t\t\t\t\t<a class=\"elementor-button elementor-button-link elementor-size-md\" href=\"https:\/\/boletingasbarcelona.com\/\" target=\"_blank\">\n\t\t\t\t\t\t<span class=\"elementor-button-content-wrapper\">\n\t\t\t\t\t\t\t\t\t<span class=\"elementor-button-text\">Pedir ahora<\/span>\n\t\t\t\t\t<\/span>\n\t\t\t\t\t<\/a>\n\t\t\t\t<\/div>\n\t\t\t\t\t\t\t\t<\/div>\n\t\t\t\t<\/div>\n\t\t\t\t\t<\/div>\n\t\t<\/div>\n\t\t\t\t\t<\/div>\n\t\t<\/section>\n\t\t\t\t<section class=\"elementor-section elementor-top-section elementor-element elementor-element-df03642 elementor-section-boxed elementor-section-height-default elementor-section-height-default\" data-id=\"df03642\" data-element_type=\"section\" data-e-type=\"section\">\n\t\t\t\t\t\t<div class=\"elementor-container elementor-column-gap-default\">\n\t\t\t\t\t<div class=\"elementor-column elementor-col-100 elementor-top-column elementor-element elementor-element-e0ed879\" data-id=\"e0ed879\" data-element_type=\"column\" data-e-type=\"column\">\n\t\t\t<div class=\"elementor-widget-wrap elementor-element-populated\">\n\t\t\t\t\t\t<div class=\"elementor-element elementor-element-9e5e24f elementor-widget elementor-widget-spacer\" data-id=\"9e5e24f\" data-element_type=\"widget\" data-e-type=\"widget\" data-widget_type=\"spacer.default\">\n\t\t\t\t<div class=\"elementor-widget-container\">\n\t\t\t\t\t\t\t<div class=\"elementor-spacer\">\n\t\t\t<div class=\"elementor-spacer-inner\"><\/div>\n\t\t<\/div>\n\t\t\t\t\t\t<\/div>\n\t\t\t\t<\/div>\n\t\t\t\t<div class=\"elementor-element elementor-element-203e554 elementor-widget elementor-widget-heading\" data-id=\"203e554\" data-element_type=\"widget\" data-e-type=\"widget\" data-widget_type=\"heading.default\">\n\t\t\t\t<div class=\"elementor-widget-container\">\n\t\t\t\t\t<h2 class=\"elementor-heading-title elementor-size-default\">Bolet\u00edn Agua<\/h2>\t\t\t\t<\/div>\n\t\t\t\t<\/div>\n\t\t\t\t\t<\/div>\n\t\t<\/div>\n\t\t\t\t\t<\/div>\n\t\t<\/section>\n\t\t\t\t<section class=\"elementor-section elementor-top-section elementor-element elementor-element-e25f8b4 elementor-section-boxed elementor-section-height-default elementor-section-height-default\" data-id=\"e25f8b4\" data-element_type=\"section\" data-e-type=\"section\">\n\t\t\t\t\t\t<div class=\"elementor-container elementor-column-gap-default\">\n\t\t\t\t\t<div class=\"elementor-column elementor-col-100 elementor-top-column elementor-element elementor-element-0692e18\" data-id=\"0692e18\" data-element_type=\"column\" data-e-type=\"column\">\n\t\t\t<div class=\"elementor-widget-wrap elementor-element-populated\">\n\t\t\t\t\t\t<div class=\"elementor-element elementor-element-674d453 elementor-align-center elementor-widget elementor-widget-button\" data-id=\"674d453\" data-element_type=\"widget\" data-e-type=\"widget\" data-widget_type=\"button.default\">\n\t\t\t\t<div class=\"elementor-widget-container\">\n\t\t\t\t\t\t\t\t\t<div class=\"elementor-button-wrapper\">\n\t\t\t\t\t<a class=\"elementor-button elementor-button-link elementor-size-md\" href=\"https:\/\/boletinaguabarcelona.com\/\" target=\"_blank\">\n\t\t\t\t\t\t<span class=\"elementor-button-content-wrapper\">\n\t\t\t\t\t\t\t\t\t<span class=\"elementor-button-text\">Pedir ahora<\/span>\n\t\t\t\t\t<\/span>\n\t\t\t\t\t<\/a>\n\t\t\t\t<\/div>\n\t\t\t\t\t\t\t\t<\/div>\n\t\t\t\t<\/div>\n\t\t\t\t\t<\/div>\n\t\t<\/div>\n\t\t\t\t\t<\/div>\n\t\t<\/section>\n\t\t\t\t<section class=\"elementor-section elementor-top-section elementor-element elementor-element-b965644 elementor-section-boxed elementor-section-height-default elementor-section-height-default\" data-id=\"b965644\" data-element_type=\"section\" data-e-type=\"section\">\n\t\t\t\t\t\t<div class=\"elementor-container elementor-column-gap-default\">\n\t\t\t\t\t<div class=\"elementor-column elementor-col-100 elementor-top-column elementor-element elementor-element-889346a\" data-id=\"889346a\" data-element_type=\"column\" data-e-type=\"column\">\n\t\t\t<div class=\"elementor-widget-wrap elementor-element-populated\">\n\t\t\t\t\t\t<div class=\"elementor-element elementor-element-6aba101 elementor-widget elementor-widget-spacer\" data-id=\"6aba101\" data-element_type=\"widget\" data-e-type=\"widget\" data-widget_type=\"spacer.default\">\n\t\t\t\t<div class=\"elementor-widget-container\">\n\t\t\t\t\t\t\t<div class=\"elementor-spacer\">\n\t\t\t<div class=\"elementor-spacer-inner\"><\/div>\n\t\t<\/div>\n\t\t\t\t\t\t<\/div>\n\t\t\t\t<\/div>\n\t\t\t\t<div class=\"elementor-element elementor-element-39035bf elementor-widget elementor-widget-heading\" data-id=\"39035bf\" data-element_type=\"widget\" data-e-type=\"widget\" data-widget_type=\"heading.default\">\n\t\t\t\t<div class=\"elementor-widget-container\">\n\t\t\t\t\t<h2 class=\"elementor-heading-title elementor-size-default\">Bolet\u00edn RITE (RITE 3)<\/h2>\t\t\t\t<\/div>\n\t\t\t\t<\/div>\n\t\t\t\t\t<\/div>\n\t\t<\/div>\n\t\t\t\t\t<\/div>\n\t\t<\/section>\n\t\t\t\t<section class=\"elementor-section elementor-top-section elementor-element elementor-element-b133f38 elementor-section-boxed elementor-section-height-default elementor-section-height-default\" data-id=\"b133f38\" data-element_type=\"section\" data-e-type=\"section\">\n\t\t\t\t\t\t<div class=\"elementor-container elementor-column-gap-default\">\n\t\t\t\t\t<div class=\"elementor-column elementor-col-100 elementor-top-column elementor-element elementor-element-847d2e1\" data-id=\"847d2e1\" data-element_type=\"column\" data-e-type=\"column\">\n\t\t\t<div class=\"elementor-widget-wrap elementor-element-populated\">\n\t\t\t\t\t\t<div class=\"elementor-element elementor-element-b3230f2 elementor-align-center elementor-widget elementor-widget-button\" data-id=\"b3230f2\" data-element_type=\"widget\" data-e-type=\"widget\" data-widget_type=\"button.default\">\n\t\t\t\t<div class=\"elementor-widget-container\">\n\t\t\t\t\t\t\t\t\t<div class=\"elementor-button-wrapper\">\n\t\t\t\t\t<a class=\"elementor-button elementor-button-link elementor-size-md\" href=\"https:\/\/instalacionesinman.com\/gas\/\">\n\t\t\t\t\t\t<span class=\"elementor-button-content-wrapper\">\n\t\t\t\t\t\t\t\t\t<span class=\"elementor-button-text\">Pedir ahora<\/span>\n\t\t\t\t\t<\/span>\n\t\t\t\t\t<\/a>\n\t\t\t\t<\/div>\n\t\t\t\t\t\t\t\t<\/div>\n\t\t\t\t<\/div>\n\t\t\t\t\t<\/div>\n\t\t<\/div>\n\t\t\t\t\t<\/div>\n\t\t<\/section>\n\t\t\t\t<\/div>\n\t\t","protected":false},"excerpt":{"rendered":"<p>Bolet\u00edn Azul (BRIE) Pedir ahora Bolet\u00edn Blanco (CIE) Pedir ahora Bolet\u00edn Gas Pedir ahora Bolet\u00edn Agua Pedir ahora Bolet\u00edn RITE (RITE 3) Pedir ahora<\/p>\n","protected":false},"author":1,"featured_media":0,"parent":0,"menu_order":0,"comment_status":"closed","ping_status":"closed","template":"","meta":{"footnotes":""},"class_list":["post-39","page","type-page","status-publish","hentry"],"yoast_head":"<!-- This site is optimized with the Yoast SEO plugin v27.6 - https:\/\/yoast.com\/product\/yoast-seo-wordpress\/ -->\n<title>Solicita un Bolet\u00edn<\/title>\n<meta name=\"description\" content=\"Bolet\u00edn Azul (BRIE) Pedir ahora Bolet\u00edn Blanco (CIE) Pedir ahora Bolet\u00edn Gas Pedir ahora Bolet\u00edn Agua Pedir ahora Bolet\u00edn RITE (RITE 3) Pedir\" \/>\n<meta name=\"robots\" content=\"index, follow, max-snippet:-1, max-image-preview:large, max-video-preview:-1\" \/>\n<link rel=\"canonical\" href=\"https:\/\/boletineselectricidad.com\/?page_id=39\" \/>\n<meta property=\"og:locale\" content=\"es_ES\" \/>\n<meta property=\"og:type\" content=\"article\" \/>\n<meta property=\"og:title\" content=\"Solicita un Bolet\u00edn\" \/>\n<meta property=\"og:description\" content=\"Bolet\u00edn Azul (BRIE) Pedir ahora Bolet\u00edn Blanco (CIE) Pedir ahora Bolet\u00edn Gas Pedir ahora Bolet\u00edn Agua Pedir ahora Bolet\u00edn RITE (RITE 3) Pedir\" \/>\n<meta property=\"og:url\" content=\"https:\/\/boletineselectricidad.com\/?page_id=39\" \/>\n<meta property=\"og:site_name\" content=\"Boletines Electricidad Barcelona\" \/>\n<meta property=\"article:modified_time\" content=\"2023-10-04T07:51:41+00:00\" \/>\n<meta name=\"twitter:card\" content=\"summary_large_image\" \/>\n<meta name=\"twitter:label1\" content=\"Tiempo de lectura\" \/>\n\t<meta name=\"twitter:data1\" content=\"1 minuto\" \/>\n<script type=\"application\/ld+json\" class=\"yoast-schema-graph\">{\"@context\":\"https:\\\/\\\/schema.org\",\"@graph\":[{\"@type\":\"WebPage\",\"@id\":\"https:\\\/\\\/boletineselectricidad.com\\\/?page_id=39\",\"url\":\"https:\\\/\\\/boletineselectricidad.com\\\/?page_id=39\",\"name\":\"Solicita un Bolet\u00edn\",\"isPartOf\":{\"@id\":\"https:\\\/\\\/boletineselectricidad.com\\\/#website\"},\"datePublished\":\"2020-08-05T13:55:14+00:00\",\"dateModified\":\"2023-10-04T07:51:41+00:00\",\"description\":\"Bolet\u00edn Azul (BRIE) Pedir ahora Bolet\u00edn Blanco (CIE) Pedir ahora Bolet\u00edn Gas Pedir ahora Bolet\u00edn Agua Pedir ahora Bolet\u00edn RITE (RITE 3) Pedir\",\"breadcrumb\":{\"@id\":\"https:\\\/\\\/boletineselectricidad.com\\\/?page_id=39#breadcrumb\"},\"inLanguage\":\"es\",\"potentialAction\":[{\"@type\":\"ReadAction\",\"target\":[\"https:\\\/\\\/boletineselectricidad.com\\\/?page_id=39\"]}]},{\"@type\":\"BreadcrumbList\",\"@id\":\"https:\\\/\\\/boletineselectricidad.com\\\/?page_id=39#breadcrumb\",\"itemListElement\":[{\"@type\":\"ListItem\",\"position\":1,\"name\":\"Portada\",\"item\":\"https:\\\/\\\/boletineselectricidad.com\\\/\"},{\"@type\":\"ListItem\",\"position\":2,\"name\":\"Solicita un Bolet\u00edn\"}]},{\"@type\":\"WebSite\",\"@id\":\"https:\\\/\\\/boletineselectricidad.com\\\/#website\",\"url\":\"https:\\\/\\\/boletineselectricidad.com\\\/\",\"name\":\"Boletines Electricidad Barcelona\",\"description\":\"Boletines de Electricidad, de Agua y de Gas\",\"publisher\":{\"@id\":\"https:\\\/\\\/boletineselectricidad.com\\\/#organization\"},\"potentialAction\":[{\"@type\":\"SearchAction\",\"target\":{\"@type\":\"EntryPoint\",\"urlTemplate\":\"https:\\\/\\\/boletineselectricidad.com\\\/?s={search_term_string}\"},\"query-input\":{\"@type\":\"PropertyValueSpecification\",\"valueRequired\":true,\"valueName\":\"search_term_string\"}}],\"inLanguage\":\"es\"},{\"@type\":\"Organization\",\"@id\":\"https:\\\/\\\/boletineselectricidad.com\\\/#organization\",\"name\":\"Boletines Electricidad Barcelona\",\"url\":\"https:\\\/\\\/boletineselectricidad.com\\\/\",\"logo\":{\"@type\":\"ImageObject\",\"inLanguage\":\"es\",\"@id\":\"https:\\\/\\\/boletineselectricidad.com\\\/#\\\/schema\\\/logo\\\/image\\\/\",\"url\":\"https:\\\/\\\/boletineselectricidad.com\\\/wp-content\\\/uploads\\\/2020\\\/08\\\/inman-serveis.png\",\"contentUrl\":\"https:\\\/\\\/boletineselectricidad.com\\\/wp-content\\\/uploads\\\/2020\\\/08\\\/inman-serveis.png\",\"width\":289,\"height\":120,\"caption\":\"Boletines Electricidad Barcelona\"},\"image\":{\"@id\":\"https:\\\/\\\/boletineselectricidad.com\\\/#\\\/schema\\\/logo\\\/image\\\/\"}}]}<\/script>\n<!-- \/ Yoast SEO plugin. -->","yoast_head_json":{"title":"Solicita un Bolet\u00edn","description":"Bolet\u00edn Azul (BRIE) Pedir ahora Bolet\u00edn Blanco (CIE) Pedir ahora Bolet\u00edn Gas Pedir ahora Bolet\u00edn Agua Pedir ahora Bolet\u00edn RITE (RITE 3) Pedir","robots":{"index":"index","follow":"follow","max-snippet":"max-snippet:-1","max-image-preview":"max-image-preview:large","max-video-preview":"max-video-preview:-1"},"canonical":"https:\/\/boletineselectricidad.com\/?page_id=39","og_locale":"es_ES","og_type":"article","og_title":"Solicita un Bolet\u00edn","og_description":"Bolet\u00edn Azul (BRIE) Pedir ahora Bolet\u00edn Blanco (CIE) Pedir ahora Bolet\u00edn Gas Pedir ahora Bolet\u00edn Agua Pedir ahora Bolet\u00edn RITE (RITE 3) Pedir","og_url":"https:\/\/boletineselectricidad.com\/?page_id=39","og_site_name":"Boletines Electricidad Barcelona","article_modified_time":"2023-10-04T07:51:41+00:00","twitter_card":"summary_large_image","twitter_misc":{"Tiempo de lectura":"1 minuto"},"schema":{"@context":"https:\/\/schema.org","@graph":[{"@type":"WebPage","@id":"https:\/\/boletineselectricidad.com\/?page_id=39","url":"https:\/\/boletineselectricidad.com\/?page_id=39","name":"Solicita un Bolet\u00edn","isPartOf":{"@id":"https:\/\/boletineselectricidad.com\/#website"},"datePublished":"2020-08-05T13:55:14+00:00","dateModified":"2023-10-04T07:51:41+00:00","description":"Bolet\u00edn Azul (BRIE) Pedir ahora Bolet\u00edn Blanco (CIE) Pedir ahora Bolet\u00edn Gas Pedir ahora Bolet\u00edn Agua Pedir ahora Bolet\u00edn RITE (RITE 3) Pedir","breadcrumb":{"@id":"https:\/\/boletineselectricidad.com\/?page_id=39#breadcrumb"},"inLanguage":"es","potentialAction":[{"@type":"ReadAction","target":["https:\/\/boletineselectricidad.com\/?page_id=39"]}]},{"@type":"BreadcrumbList","@id":"https:\/\/boletineselectricidad.com\/?page_id=39#breadcrumb","itemListElement":[{"@type":"ListItem","position":1,"name":"Portada","item":"https:\/\/boletineselectricidad.com\/"},{"@type":"ListItem","position":2,"name":"Solicita un Bolet\u00edn"}]},{"@type":"WebSite","@id":"https:\/\/boletineselectricidad.com\/#website","url":"https:\/\/boletineselectricidad.com\/","name":"Boletines Electricidad Barcelona","description":"Boletines de Electricidad, de Agua y de Gas","publisher":{"@id":"https:\/\/boletineselectricidad.com\/#organization"},"potentialAction":[{"@type":"SearchAction","target":{"@type":"EntryPoint","urlTemplate":"https:\/\/boletineselectricidad.com\/?s={search_term_string}"},"query-input":{"@type":"PropertyValueSpecification","valueRequired":true,"valueName":"search_term_string"}}],"inLanguage":"es"},{"@type":"Organization","@id":"https:\/\/boletineselectricidad.com\/#organization","name":"Boletines Electricidad Barcelona","url":"https:\/\/boletineselectricidad.com\/","logo":{"@type":"ImageObject","inLanguage":"es","@id":"https:\/\/boletineselectricidad.com\/#\/schema\/logo\/image\/","url":"https:\/\/boletineselectricidad.com\/wp-content\/uploads\/2020\/08\/inman-serveis.png","contentUrl":"https:\/\/boletineselectricidad.com\/wp-content\/uploads\/2020\/08\/inman-serveis.png","width":289,"height":120,"caption":"Boletines Electricidad Barcelona"},"image":{"@id":"https:\/\/boletineselectricidad.com\/#\/schema\/logo\/image\/"}}]}},"_links":{"self":[{"href":"https:\/\/boletineselectricidad.com\/index.php?rest_route=\/wp\/v2\/pages\/39","targetHints":{"allow":["GET"]}}],"collection":[{"href":"https:\/\/boletineselectricidad.com\/index.php?rest_route=\/wp\/v2\/pages"}],"about":[{"href":"https:\/\/boletineselectricidad.com\/index.php?rest_route=\/wp\/v2\/types\/page"}],"author":[{"embeddable":true,"href":"https:\/\/boletineselectricidad.com\/index.php?rest_route=\/wp\/v2\/users\/1"}],"replies":[{"embeddable":true,"href":"https:\/\/boletineselectricidad.com\/index.php?rest_route=%2Fwp%2Fv2%2Fcomments&post=39"}],"version-history":[{"count":6,"href":"https:\/\/boletineselectricidad.com\/index.php?rest_route=\/wp\/v2\/pages\/39\/revisions"}],"predecessor-version":[{"id":146,"href":"https:\/\/boletineselectricidad.com\/index.php?rest_route=\/wp\/v2\/pages\/39\/revisions\/146"}],"wp:attachment":[{"href":"https:\/\/boletineselectricidad.com\/index.php?rest_route=%2Fwp%2Fv2%2Fmedia&parent=39"}],"curies":[{"name":"wp","href":"https:\/\/api.w.org\/{rel}","templated":true}]}}