{"id":135,"date":"2024-11-06T10:28:22","date_gmt":"2024-11-06T10:28:22","guid":{"rendered":"https:\/\/boletineselectricidad.com\/?page_id=135"},"modified":"2024-11-07T08:41:08","modified_gmt":"2024-11-07T08:41:08","slug":"asesor-energetico","status":"publish","type":"page","link":"https:\/\/boletineselectricidad.com\/?page_id=135","title":{"rendered":"Asesor Energ\u00e9tico"},"content":{"rendered":"\n<p><strong>\u00a1Cambia<\/strong> a una Energ\u00eda M\u00e1s Inteligente <strong>y Ahorra!<\/strong><br>GRUPO INMAN<br>Tu aliado en el ahorro energ\u00e9tico<br>Introducci\u00f3n:<\/p>\n\n\n\n<p class=\"has-text-align-center has-white-color has-black-background-color has-text-color has-background has-link-color wp-elements-7535fa6386a085ff7361e316de278f64\" style=\"font-size:25px\">&#8211; <strong>Estudio y cambio totalmente GRATUITO &#8211;<\/strong><\/p>\n\n\n\n<div class=\"wp-block-media-text is-stacked-on-mobile\" style=\"grid-template-columns:24% auto\"><figure class=\"wp-block-media-text__media\"><img fetchpriority=\"high\" decoding=\"async\" width=\"275\" height=\"276\" src=\"https:\/\/boletineselectricidad.com\/wp-content\/uploads\/2024\/11\/LOGO-INMAN.png\" alt=\"\" class=\"wp-image-136 size-full\" srcset=\"https:\/\/boletineselectricidad.com\/wp-content\/uploads\/2024\/11\/LOGO-INMAN.png 275w, https:\/\/boletineselectricidad.com\/wp-content\/uploads\/2024\/11\/LOGO-INMAN-150x150.png 150w\" sizes=\"(max-width: 275px) 100vw, 275px\" \/><\/figure><div class=\"wp-block-media-text__content\">\n<p class=\"has-black-color has-text-color has-link-color has-normal-font-size wp-elements-29b92c0ac02ab16bfce264eb234b588d\">\u00a1Hola! \u00bfEst\u00e1s cansado de pagar facturas de electricidad m\u00e1s altas de lo que esperabas? En <mark style=\"background-color:rgba(0, 0, 0, 0);color:#ff0000\" class=\"has-inline-color\">GRUPO INMAN<\/mark> , entendemos que la energ\u00eda es una parte esencial de tu vida diaria, y queremos ayudarte a optimizar tus gastos. Te invitamos a descubrir c\u00f3mo un cambio de compa\u00f1\u00eda el\u00e9ctrica puede beneficiarte.<\/p>\n<\/div><\/div>\n\n\n\n<p class=\"has-text-align-center has-white-color has-black-background-color has-text-color has-background has-link-color wp-elements-267e910cd19834e72847cf57cd636db6\" style=\"font-size:25px\"><strong>\u00bfPor qu\u00e9 cambiar?<\/strong><\/p>\n\n\n\n<p class=\"has-text-align-center has-black-color has-text-color has-link-color wp-elements-4a6c94f8eaf6c90a97936b9dd64b62fe\" style=\"font-size:25px\"><strong>Simplemente por el gran ahorro en tu factura.<\/strong><\/p>\n\n\n\n<div class=\"wp-block-media-text is-stacked-on-mobile\"><figure class=\"wp-block-media-text__media\"><img decoding=\"async\" width=\"387\" height=\"572\" data-src=\"https:\/\/boletineselectricidad.com\/wp-content\/uploads\/2024\/11\/Izquierda.png\" alt=\"\" class=\"wp-image-137 size-full lazyload\" data-srcset=\"https:\/\/boletineselectricidad.com\/wp-content\/uploads\/2024\/11\/Izquierda.png 387w, https:\/\/boletineselectricidad.com\/wp-content\/uploads\/2024\/11\/Izquierda-203x300.png 203w\" data-sizes=\"(max-width: 387px) 100vw, 387px\" src=\"data:image\/svg+xml;base64,PHN2ZyB3aWR0aD0iMSIgaGVpZ2h0PSIxIiB4bWxucz0iaHR0cDovL3d3dy53My5vcmcvMjAwMC9zdmciPjwvc3ZnPg==\" style=\"--smush-placeholder-width: 387px; --smush-placeholder-aspect-ratio: 387\/572;\" \/><\/figure><div class=\"wp-block-media-text__content\">\n<p class=\"has-black-color has-text-color has-link-color has-normal-font-size wp-elements-41738312faff6c62b0141d99f1f31913\"><strong>Ahorro en tu factura:<\/strong><br>Muchas personas no saben que pueden reducir significativamente sus costos al cambiar a una compa\u00f1\u00eda el\u00e9ctrica que ofrezca tarifas m\u00e1s competitivas. Te ayudamos a encontrar la mejor opci\u00f3n para ti.<\/p>\n\n\n\n<p class=\"has-black-color has-text-color has-link-color has-normal-font-size wp-elements-4c4b771d3c04e2a9d2c1b4770bc6308f\"><strong>Planes personalizados:<\/strong><br>Ofrecemos una variedad de planes que se adaptan a tus necesidades y h\u00e1bitos de consumo. Ya sea que uses m\u00e1s energ\u00eda en invierno o en verano, tenemos una soluci\u00f3n para ti.<\/p>\n<\/div><\/div>\n\n\n\n<div class=\"wp-block-media-text has-media-on-the-right is-stacked-on-mobile\" style=\"grid-template-columns:auto 21%\"><div class=\"wp-block-media-text__content\">\n<p class=\"has-black-color has-text-color has-link-color has-normal-font-size wp-elements-f8b534054217a021514deb5c4db30ddc\"><strong>Energ\u00eda sostenible:<\/strong><br>Si te preocupa el medio ambiente, tenemos opciones de energ\u00eda renovable que te permiten contribuir a un futuro m\u00e1s sostenible mientras ahorras en tus facturas.<\/p>\n\n\n\n<ul id=\"block-040b6e36-af11-4f4e-b91c-bbe91f8319a1\" class=\"wp-block-list\">\n<li class=\"has-normal-font-size\">Atenci\u00f3n al cliente excepcional:<br>Nuestro equipo est\u00e1 aqu\u00ed para ayudarte en cada paso del proceso. Desde la consulta inicial hasta la instalaci\u00f3n y m\u00e1s all\u00e1, estamos comprometidos a brindarte un servicio de calidad.<br>\u00bfC\u00f3mo funciona el cambio?<\/li>\n<\/ul>\n<\/div><figure class=\"wp-block-media-text__media\"><img decoding=\"async\" width=\"490\" height=\"686\" data-src=\"https:\/\/boletineselectricidad.com\/wp-content\/uploads\/2024\/11\/Medio-buena.png\" alt=\"\" class=\"wp-image-138 size-full lazyload\" data-srcset=\"https:\/\/boletineselectricidad.com\/wp-content\/uploads\/2024\/11\/Medio-buena.png 490w, https:\/\/boletineselectricidad.com\/wp-content\/uploads\/2024\/11\/Medio-buena-214x300.png 214w\" data-sizes=\"(max-width: 490px) 100vw, 490px\" src=\"data:image\/svg+xml;base64,PHN2ZyB3aWR0aD0iMSIgaGVpZ2h0PSIxIiB4bWxucz0iaHR0cDovL3d3dy53My5vcmcvMjAwMC9zdmciPjwvc3ZnPg==\" style=\"--smush-placeholder-width: 490px; --smush-placeholder-aspect-ratio: 490\/686;\" \/><\/figure><\/div>\n\n\n\n<div class=\"wp-block-media-text is-stacked-on-mobile\"><figure class=\"wp-block-media-text__media\"><img decoding=\"async\" width=\"357\" height=\"589\" data-src=\"https:\/\/boletineselectricidad.com\/wp-content\/uploads\/2024\/11\/Derecha.png\" alt=\"\" class=\"wp-image-139 size-full lazyload\" data-srcset=\"https:\/\/boletineselectricidad.com\/wp-content\/uploads\/2024\/11\/Derecha.png 357w, https:\/\/boletineselectricidad.com\/wp-content\/uploads\/2024\/11\/Derecha-182x300.png 182w\" data-sizes=\"(max-width: 357px) 100vw, 357px\" src=\"data:image\/svg+xml;base64,PHN2ZyB3aWR0aD0iMSIgaGVpZ2h0PSIxIiB4bWxucz0iaHR0cDovL3d3dy53My5vcmcvMjAwMC9zdmciPjwvc3ZnPg==\" style=\"--smush-placeholder-width: 357px; --smush-placeholder-aspect-ratio: 357\/589;\" \/><\/figure><div class=\"wp-block-media-text__content\">\n<p class=\"has-black-color has-text-color has-link-color has-normal-font-size wp-elements-1265b139165f0ae17419199a697eba8a\"><strong>Consulta gratuita:<\/strong><br>Cont\u00e1ctanos para una evaluaci\u00f3n gratuita de tu consumo energ\u00e9tico y te presentaremos las mejores opciones disponibles.<\/p>\n\n\n\n<p class=\"has-black-color has-text-color has-link-color has-normal-font-size wp-elements-8d86b9a4b6b7f4c4a7f2f515264a9a08\"><strong>Selecci\u00f3n del plan:<\/strong><br>Te ayudaremos a elegir el plan que mejor se adapte a tus necesidades y presupuesto.<\/p>\n\n\n\n<p class=\"has-black-color has-text-color has-link-color has-normal-font-size wp-elements-b943a2fb06e375a8a6b3e4dbe33a7c03\"><strong>Proceso sencillo:<\/strong><br>Nos encargamos de todo el proceso de cambio, asegurando que no haya interrupciones en tu suministro el\u00e9ctrico.<\/p>\n\n\n\n<p class=\"has-black-color has-text-color has-link-color has-normal-font-size wp-elements-a822138920c63d090b253ea24bfd8596\"><strong>Disfruta de tus ahorros:<\/strong><br>\u00a1Cont\u00e1ctanos hoy! WHATS\u00a0APP:<strong><mark style=\"background-color:#ffffff;color:#ff0000\" class=\"has-inline-color\"> <\/mark><\/strong><\/p>\n\n\n\n<div class=\"wp-block-buttons is-layout-flex wp-block-buttons-is-layout-flex\">\n<div class=\"wp-block-button is-style-fill\"><a class=\"wp-block-button__link wp-element-button\" href=\"https:\/\/wa.me\/34600855360\">600855360<\/a><\/div>\n<\/div>\n<\/div><\/div>\n\n\n\n<p><\/p>\n","protected":false},"excerpt":{"rendered":"<p>\u00a1Cambia a una Energ\u00eda M\u00e1s Inteligente y Ahorra!GRUPO INMANTu aliado en el ahorro energ\u00e9ticoIntroducci\u00f3n: &#8211; Estudio y cambio totalmente GRATUITO &#8211; \u00a1Hola! \u00bfEst\u00e1s cansado de pagar facturas de electricidad m\u00e1s altas de lo que esperabas? En GRUPO INMAN , entendemos que la energ\u00eda es una parte esencial de tu vida diaria, y queremos ayudarte a [&hellip;]<\/p>\n","protected":false},"author":1,"featured_media":0,"parent":0,"menu_order":0,"comment_status":"closed","ping_status":"closed","template":"","meta":{"footnotes":""},"class_list":["post-135","page","type-page","status-publish","hentry"],"yoast_head":"<!-- This site is optimized with the Yoast SEO plugin v27.6 - https:\/\/yoast.com\/product\/yoast-seo-wordpress\/ -->\n<title>Asesor Energ\u00e9tico<\/title>\n<meta name=\"description\" content=\"\u00a1Cambia a una Energ\u00eda M\u00e1s Inteligente y Ahorra!GRUPO INMANTu aliado en el ahorro energ\u00e9ticoIntroducci\u00f3n: - Estudio y cambio totalmente GRATUITO - \u00a1Hola!\" \/>\n<meta name=\"robots\" content=\"index, follow, max-snippet:-1, max-image-preview:large, max-video-preview:-1\" \/>\n<link rel=\"canonical\" href=\"https:\/\/boletineselectricidad.com\/?page_id=135\" \/>\n<meta property=\"og:locale\" content=\"es_ES\" \/>\n<meta property=\"og:type\" content=\"article\" \/>\n<meta property=\"og:title\" content=\"Asesor Energ\u00e9tico\" \/>\n<meta property=\"og:description\" content=\"\u00a1Cambia a una Energ\u00eda M\u00e1s Inteligente y Ahorra!GRUPO INMANTu aliado en el ahorro energ\u00e9ticoIntroducci\u00f3n: - Estudio y cambio totalmente GRATUITO - \u00a1Hola!\" \/>\n<meta property=\"og:url\" content=\"https:\/\/boletineselectricidad.com\/?page_id=135\" \/>\n<meta property=\"og:site_name\" content=\"Boletines Electricidad Barcelona\" \/>\n<meta property=\"article:modified_time\" content=\"2024-11-07T08:41:08+00:00\" \/>\n<meta property=\"og:image\" content=\"https:\/\/boletineselectricidad.com\/wp-content\/uploads\/2024\/11\/LOGO-INMAN.png\" \/>\n<meta name=\"twitter:card\" content=\"summary_large_image\" \/>\n<meta name=\"twitter:label1\" content=\"Tiempo de lectura\" \/>\n\t<meta name=\"twitter:data1\" content=\"3 minutos\" \/>\n<script type=\"application\/ld+json\" class=\"yoast-schema-graph\">{\"@context\":\"https:\\\/\\\/schema.org\",\"@graph\":[{\"@type\":\"WebPage\",\"@id\":\"https:\\\/\\\/boletineselectricidad.com\\\/?page_id=135\",\"url\":\"https:\\\/\\\/boletineselectricidad.com\\\/?page_id=135\",\"name\":\"Asesor Energ\u00e9tico\",\"isPartOf\":{\"@id\":\"https:\\\/\\\/boletineselectricidad.com\\\/#website\"},\"primaryImageOfPage\":{\"@id\":\"https:\\\/\\\/boletineselectricidad.com\\\/?page_id=135#primaryimage\"},\"image\":{\"@id\":\"https:\\\/\\\/boletineselectricidad.com\\\/?page_id=135#primaryimage\"},\"thumbnailUrl\":\"https:\\\/\\\/boletineselectricidad.com\\\/wp-content\\\/uploads\\\/2024\\\/11\\\/LOGO-INMAN.png\",\"datePublished\":\"2024-11-06T10:28:22+00:00\",\"dateModified\":\"2024-11-07T08:41:08+00:00\",\"description\":\"\u00a1Cambia a una Energ\u00eda M\u00e1s Inteligente y Ahorra!GRUPO INMANTu aliado en el ahorro energ\u00e9ticoIntroducci\u00f3n: - Estudio y cambio totalmente GRATUITO - \u00a1Hola!\",\"breadcrumb\":{\"@id\":\"https:\\\/\\\/boletineselectricidad.com\\\/?page_id=135#breadcrumb\"},\"inLanguage\":\"es\",\"potentialAction\":[{\"@type\":\"ReadAction\",\"target\":[\"https:\\\/\\\/boletineselectricidad.com\\\/?page_id=135\"]}]},{\"@type\":\"ImageObject\",\"inLanguage\":\"es\",\"@id\":\"https:\\\/\\\/boletineselectricidad.com\\\/?page_id=135#primaryimage\",\"url\":\"https:\\\/\\\/boletineselectricidad.com\\\/wp-content\\\/uploads\\\/2024\\\/11\\\/LOGO-INMAN.png\",\"contentUrl\":\"https:\\\/\\\/boletineselectricidad.com\\\/wp-content\\\/uploads\\\/2024\\\/11\\\/LOGO-INMAN.png\",\"width\":275,\"height\":276},{\"@type\":\"BreadcrumbList\",\"@id\":\"https:\\\/\\\/boletineselectricidad.com\\\/?page_id=135#breadcrumb\",\"itemListElement\":[{\"@type\":\"ListItem\",\"position\":1,\"name\":\"Portada\",\"item\":\"https:\\\/\\\/boletineselectricidad.com\\\/\"},{\"@type\":\"ListItem\",\"position\":2,\"name\":\"Asesor Energ\u00e9tico\"}]},{\"@type\":\"WebSite\",\"@id\":\"https:\\\/\\\/boletineselectricidad.com\\\/#website\",\"url\":\"https:\\\/\\\/boletineselectricidad.com\\\/\",\"name\":\"Boletines Electricidad Barcelona\",\"description\":\"Boletines de Electricidad, de Agua y de Gas\",\"publisher\":{\"@id\":\"https:\\\/\\\/boletineselectricidad.com\\\/#organization\"},\"potentialAction\":[{\"@type\":\"SearchAction\",\"target\":{\"@type\":\"EntryPoint\",\"urlTemplate\":\"https:\\\/\\\/boletineselectricidad.com\\\/?s={search_term_string}\"},\"query-input\":{\"@type\":\"PropertyValueSpecification\",\"valueRequired\":true,\"valueName\":\"search_term_string\"}}],\"inLanguage\":\"es\"},{\"@type\":\"Organization\",\"@id\":\"https:\\\/\\\/boletineselectricidad.com\\\/#organization\",\"name\":\"Boletines Electricidad Barcelona\",\"url\":\"https:\\\/\\\/boletineselectricidad.com\\\/\",\"logo\":{\"@type\":\"ImageObject\",\"inLanguage\":\"es\",\"@id\":\"https:\\\/\\\/boletineselectricidad.com\\\/#\\\/schema\\\/logo\\\/image\\\/\",\"url\":\"https:\\\/\\\/boletineselectricidad.com\\\/wp-content\\\/uploads\\\/2020\\\/08\\\/inman-serveis.png\",\"contentUrl\":\"https:\\\/\\\/boletineselectricidad.com\\\/wp-content\\\/uploads\\\/2020\\\/08\\\/inman-serveis.png\",\"width\":289,\"height\":120,\"caption\":\"Boletines Electricidad Barcelona\"},\"image\":{\"@id\":\"https:\\\/\\\/boletineselectricidad.com\\\/#\\\/schema\\\/logo\\\/image\\\/\"}}]}<\/script>\n<!-- \/ Yoast SEO plugin. -->","yoast_head_json":{"title":"Asesor Energ\u00e9tico","description":"\u00a1Cambia a una Energ\u00eda M\u00e1s Inteligente y Ahorra!GRUPO INMANTu aliado en el ahorro energ\u00e9ticoIntroducci\u00f3n: - Estudio y cambio totalmente GRATUITO - \u00a1Hola!","robots":{"index":"index","follow":"follow","max-snippet":"max-snippet:-1","max-image-preview":"max-image-preview:large","max-video-preview":"max-video-preview:-1"},"canonical":"https:\/\/boletineselectricidad.com\/?page_id=135","og_locale":"es_ES","og_type":"article","og_title":"Asesor Energ\u00e9tico","og_description":"\u00a1Cambia a una Energ\u00eda M\u00e1s Inteligente y Ahorra!GRUPO INMANTu aliado en el ahorro energ\u00e9ticoIntroducci\u00f3n: - Estudio y cambio totalmente GRATUITO - \u00a1Hola!","og_url":"https:\/\/boletineselectricidad.com\/?page_id=135","og_site_name":"Boletines Electricidad Barcelona","article_modified_time":"2024-11-07T08:41:08+00:00","og_image":[{"url":"https:\/\/boletineselectricidad.com\/wp-content\/uploads\/2024\/11\/LOGO-INMAN.png","type":"","width":"","height":""}],"twitter_card":"summary_large_image","twitter_misc":{"Tiempo de lectura":"3 minutos"},"schema":{"@context":"https:\/\/schema.org","@graph":[{"@type":"WebPage","@id":"https:\/\/boletineselectricidad.com\/?page_id=135","url":"https:\/\/boletineselectricidad.com\/?page_id=135","name":"Asesor Energ\u00e9tico","isPartOf":{"@id":"https:\/\/boletineselectricidad.com\/#website"},"primaryImageOfPage":{"@id":"https:\/\/boletineselectricidad.com\/?page_id=135#primaryimage"},"image":{"@id":"https:\/\/boletineselectricidad.com\/?page_id=135#primaryimage"},"thumbnailUrl":"https:\/\/boletineselectricidad.com\/wp-content\/uploads\/2024\/11\/LOGO-INMAN.png","datePublished":"2024-11-06T10:28:22+00:00","dateModified":"2024-11-07T08:41:08+00:00","description":"\u00a1Cambia a una Energ\u00eda M\u00e1s Inteligente y Ahorra!GRUPO INMANTu aliado en el ahorro energ\u00e9ticoIntroducci\u00f3n: - Estudio y cambio totalmente GRATUITO - \u00a1Hola!","breadcrumb":{"@id":"https:\/\/boletineselectricidad.com\/?page_id=135#breadcrumb"},"inLanguage":"es","potentialAction":[{"@type":"ReadAction","target":["https:\/\/boletineselectricidad.com\/?page_id=135"]}]},{"@type":"ImageObject","inLanguage":"es","@id":"https:\/\/boletineselectricidad.com\/?page_id=135#primaryimage","url":"https:\/\/boletineselectricidad.com\/wp-content\/uploads\/2024\/11\/LOGO-INMAN.png","contentUrl":"https:\/\/boletineselectricidad.com\/wp-content\/uploads\/2024\/11\/LOGO-INMAN.png","width":275,"height":276},{"@type":"BreadcrumbList","@id":"https:\/\/boletineselectricidad.com\/?page_id=135#breadcrumb","itemListElement":[{"@type":"ListItem","position":1,"name":"Portada","item":"https:\/\/boletineselectricidad.com\/"},{"@type":"ListItem","position":2,"name":"Asesor Energ\u00e9tico"}]},{"@type":"WebSite","@id":"https:\/\/boletineselectricidad.com\/#website","url":"https:\/\/boletineselectricidad.com\/","name":"Boletines Electricidad Barcelona","description":"Boletines de Electricidad, de Agua y de Gas","publisher":{"@id":"https:\/\/boletineselectricidad.com\/#organization"},"potentialAction":[{"@type":"SearchAction","target":{"@type":"EntryPoint","urlTemplate":"https:\/\/boletineselectricidad.com\/?s={search_term_string}"},"query-input":{"@type":"PropertyValueSpecification","valueRequired":true,"valueName":"search_term_string"}}],"inLanguage":"es"},{"@type":"Organization","@id":"https:\/\/boletineselectricidad.com\/#organization","name":"Boletines Electricidad Barcelona","url":"https:\/\/boletineselectricidad.com\/","logo":{"@type":"ImageObject","inLanguage":"es","@id":"https:\/\/boletineselectricidad.com\/#\/schema\/logo\/image\/","url":"https:\/\/boletineselectricidad.com\/wp-content\/uploads\/2020\/08\/inman-serveis.png","contentUrl":"https:\/\/boletineselectricidad.com\/wp-content\/uploads\/2020\/08\/inman-serveis.png","width":289,"height":120,"caption":"Boletines Electricidad Barcelona"},"image":{"@id":"https:\/\/boletineselectricidad.com\/#\/schema\/logo\/image\/"}}]}},"_links":{"self":[{"href":"https:\/\/boletineselectricidad.com\/index.php?rest_route=\/wp\/v2\/pages\/135","targetHints":{"allow":["GET"]}}],"collection":[{"href":"https:\/\/boletineselectricidad.com\/index.php?rest_route=\/wp\/v2\/pages"}],"about":[{"href":"https:\/\/boletineselectricidad.com\/index.php?rest_route=\/wp\/v2\/types\/page"}],"author":[{"embeddable":true,"href":"https:\/\/boletineselectricidad.com\/index.php?rest_route=\/wp\/v2\/users\/1"}],"replies":[{"embeddable":true,"href":"https:\/\/boletineselectricidad.com\/index.php?rest_route=%2Fwp%2Fv2%2Fcomments&post=135"}],"version-history":[{"count":4,"href":"https:\/\/boletineselectricidad.com\/index.php?rest_route=\/wp\/v2\/pages\/135\/revisions"}],"predecessor-version":[{"id":164,"href":"https:\/\/boletineselectricidad.com\/index.php?rest_route=\/wp\/v2\/pages\/135\/revisions\/164"}],"wp:attachment":[{"href":"https:\/\/boletineselectricidad.com\/index.php?rest_route=%2Fwp%2Fv2%2Fmedia&parent=135"}],"curies":[{"name":"wp","href":"https:\/\/api.w.org\/{rel}","templated":true}]}}